{"id":696,"date":"2025-11-05T16:48:28","date_gmt":"2025-11-05T15:48:28","guid":{"rendered":"http:\/\/ileokpe.org\/?page_id=696"},"modified":"2025-12-17T17:10:38","modified_gmt":"2025-12-17T16:10:38","slug":"challenge-de-basket-au-centre-ile-okpe","status":"publish","type":"page","link":"http:\/\/ileokpe.org\/index.php\/challenge-de-basket-au-centre-ile-okpe\/","title":{"rendered":"Challenge de Basket au Centre Il\u00e9 Okp\u00ea"},"content":{"rendered":"\t\t<div data-elementor-type=\"wp-page\" data-elementor-id=\"696\" class=\"elementor elementor-696\" data-elementor-post-type=\"page\">\n\t\t\t\t<div class=\"elementor-element elementor-element-1965ea21 e-con-full e-flex e-con e-parent\" data-id=\"1965ea21\" data-element_type=\"container\">\n\t\t<div class=\"elementor-element elementor-element-5ddd6bc0 e-flex e-con-boxed e-con e-child\" data-id=\"5ddd6bc0\" data-element_type=\"container\" data-settings=\"{&quot;background_background&quot;:&quot;classic&quot;}\">\n\t\t\t\t\t<div class=\"e-con-inner\">\n\t\t<div class=\"elementor-element elementor-element-6eb99bbf e-con-full animated-slow e-flex elementor-invisible e-con e-child\" data-id=\"6eb99bbf\" data-element_type=\"container\" data-settings=\"{&quot;animation&quot;:&quot;fadeInUp&quot;}\">\n\t\t\t\t<div class=\"elementor-element elementor-element-49b98748 elementor-widget elementor-widget-gum_heading\" data-id=\"49b98748\" data-element_type=\"widget\" data-widget_type=\"gum_heading.default\">\n\t\t\t\t<div class=\"elementor-widget-container\">\n\t\t\t\t\t<div class=\"gum-widget-title\"><h2 class=\"section-main-title size-default\">Challenge de Basket au Centre Il\u00e9 Okp\u00ea<\/h2><\/div>\t\t\t\t<\/div>\n\t\t\t\t<\/div>\n\t\t\t\t<\/div>\n\t\t\t\t\t<\/div>\n\t\t\t\t<\/div>\n\t\t\t\t<\/div>\n\t\t<div class=\"elementor-element elementor-element-31feaa0a e-flex e-con-boxed e-con e-parent\" data-id=\"31feaa0a\" data-element_type=\"container\">\n\t\t\t\t\t<div class=\"e-con-inner\">\n\t\t<div class=\"elementor-element elementor-element-76b630be e-con-full e-flex e-con e-child\" data-id=\"76b630be\" data-element_type=\"container\">\n\t\t\t\t<div class=\"elementor-element elementor-element-67164b80 elementor-widget elementor-widget-gum_post_image\" data-id=\"67164b80\" data-element_type=\"widget\" data-widget_type=\"gum_post_image.default\">\n\t\t\t\t<div class=\"elementor-widget-container\">\n\t\t\t\t\t<div class=\"blog-featureimage\" style=\"background-image: url(http:\/\/ileokpe.org\/wp-content\/uploads\/2025\/10\/IMG-20251004-WA0008.jpg)\"><img decoding=\"async\" src=\"http:\/\/ileokpe.org\/wp-content\/uploads\/2025\/10\/IMG-20251004-WA0008.jpg\" title=\"\" alt=\"\" \/><\/div>\t\t\t\t<\/div>\n\t\t\t\t<\/div>\n\t\t\t\t<div class=\"elementor-element elementor-element-3aab3f21 elementor-widget elementor-widget-text-editor\" data-id=\"3aab3f21\" data-element_type=\"widget\" data-widget_type=\"text-editor.default\">\n\t\t\t\t<div class=\"elementor-widget-container\">\n\t\t\t\t\t\t\t\t\t<p>Le Centre Il\u00e9 Okp\u00ea a organis\u00e9 un <strong>challenge de basket palpitant<\/strong>, ce 16 Ao\u00fbt 2025 r\u00e9unissant ses abonn\u00e9s\u00a0\u00a0\u00a0\u00a0\u00a0\u00a0\u00a0\u00a0\u00a0\u00a0 et des passionn\u00e9s venus d\u2019ailleurs. Dans une ambiance rythm\u00e9e et conviviale, les \u00e9quipes ont rivalis\u00e9 d\u2019\u00e9nergie et de talent, offrant un spectacle m\u00e9morable.<\/p><p>Au-del\u00e0 des matchs, ce fut un moment de <strong>partage et de coh\u00e9sion<\/strong>, fid\u00e8le \u00e0 la mission d\u2019Il\u00e9 Okp\u00ea\u00a0 :\u00a0 promouvoir\u00a0 le\u00a0 bien-\u00eatre\u00a0 \u00e0\u00a0 travers\u00a0 le\u00a0 sport,\u00a0 la\u00a0 culture\u00a0 et\u00a0 l\u2019art. Une exp\u00e9rience qui appelle sans doute de nouvelles \u00e9ditions !<\/p><p><a href=\"https:\/\/wa.me\/message\/25KOWAL4LFGSP1\">Cliquez-ici<\/a> pour rejoindre le club de Basket au Centre Il\u00e9 Okp\u00ea.<\/p>\t\t\t\t\t\t\t\t<\/div>\n\t\t\t\t<\/div>\n\t\t<div class=\"elementor-element elementor-element-537e73df e-con-full e-flex e-con e-child\" data-id=\"537e73df\" data-element_type=\"container\">\n\t\t\t\t<\/div>\n\t\t\t\t<\/div>\n\t\t\t\t\t<\/div>\n\t\t\t\t<\/div>\n\t\t\t\t<\/div>\n\t\t","protected":false},"excerpt":{"rendered":"<p>Challenge de Basket au Centre Il\u00e9 Okp\u00ea Le Centre Il\u00e9 Okp\u00ea a organis\u00e9 un challenge de basket palpitant, ce 16 Ao\u00fbt 2025 r\u00e9unissant ses abonn\u00e9s\u00a0\u00a0\u00a0\u00a0\u00a0\u00a0\u00a0\u00a0\u00a0\u00a0 et des passionn\u00e9s venus d\u2019ailleurs. Dans une ambiance rythm\u00e9e et conviviale, les \u00e9quipes ont rivalis\u00e9 d\u2019\u00e9nergie et de talent, offrant un spectacle m\u00e9morable. Au-del\u00e0 des matchs, ce fut un moment [&hellip;]<\/p>\n","protected":false},"author":1,"featured_media":632,"parent":0,"menu_order":0,"comment_status":"closed","ping_status":"closed","template":"","meta":{"footnotes":""},"class_list":["post-696","page","type-page","status-publish","has-post-thumbnail","hentry"],"_links":{"self":[{"href":"http:\/\/ileokpe.org\/index.php\/wp-json\/wp\/v2\/pages\/696","targetHints":{"allow":["GET"]}}],"collection":[{"href":"http:\/\/ileokpe.org\/index.php\/wp-json\/wp\/v2\/pages"}],"about":[{"href":"http:\/\/ileokpe.org\/index.php\/wp-json\/wp\/v2\/types\/page"}],"author":[{"embeddable":true,"href":"http:\/\/ileokpe.org\/index.php\/wp-json\/wp\/v2\/users\/1"}],"replies":[{"embeddable":true,"href":"http:\/\/ileokpe.org\/index.php\/wp-json\/wp\/v2\/comments?post=696"}],"version-history":[{"count":13,"href":"http:\/\/ileokpe.org\/index.php\/wp-json\/wp\/v2\/pages\/696\/revisions"}],"predecessor-version":[{"id":878,"href":"http:\/\/ileokpe.org\/index.php\/wp-json\/wp\/v2\/pages\/696\/revisions\/878"}],"wp:featuredmedia":[{"embeddable":true,"href":"http:\/\/ileokpe.org\/index.php\/wp-json\/wp\/v2\/media\/632"}],"wp:attachment":[{"href":"http:\/\/ileokpe.org\/index.php\/wp-json\/wp\/v2\/media?parent=696"}],"curies":[{"name":"wp","href":"https:\/\/api.w.org\/{rel}","templated":true}]}}