{"id":717,"date":"2025-11-05T17:03:32","date_gmt":"2025-11-05T16:03:32","guid":{"rendered":"http:\/\/ileokpe.org\/?page_id=717"},"modified":"2025-12-09T12:08:19","modified_gmt":"2025-12-09T11:08:19","slug":"atelier-paint-snack","status":"publish","type":"page","link":"http:\/\/ileokpe.org\/index.php\/atelier-paint-snack\/","title":{"rendered":"Atelier Paint &#038; Snack"},"content":{"rendered":"\t\t<div data-elementor-type=\"wp-page\" data-elementor-id=\"717\" class=\"elementor elementor-717\" data-elementor-post-type=\"page\">\n\t\t\t\t<div class=\"elementor-element elementor-element-1965ea21 e-con-full e-flex e-con e-parent\" data-id=\"1965ea21\" data-element_type=\"container\">\n\t\t<div class=\"elementor-element elementor-element-5ddd6bc0 e-flex e-con-boxed e-con e-child\" data-id=\"5ddd6bc0\" data-element_type=\"container\" data-settings=\"{&quot;background_background&quot;:&quot;classic&quot;}\">\n\t\t\t\t\t<div class=\"e-con-inner\">\n\t\t<div class=\"elementor-element elementor-element-6eb99bbf e-con-full animated-slow e-flex elementor-invisible e-con e-child\" data-id=\"6eb99bbf\" data-element_type=\"container\" data-settings=\"{&quot;animation&quot;:&quot;fadeInUp&quot;}\">\n\t\t\t\t<div class=\"elementor-element elementor-element-49b98748 elementor-widget elementor-widget-gum_heading\" data-id=\"49b98748\" data-element_type=\"widget\" data-widget_type=\"gum_heading.default\">\n\t\t\t\t<div class=\"elementor-widget-container\">\n\t\t\t\t\t<div class=\"gum-widget-title\"><h2 class=\"section-main-title size-default\">Atelier Paint &#038; Snack<\/h2><\/div>\t\t\t\t<\/div>\n\t\t\t\t<\/div>\n\t\t\t\t<\/div>\n\t\t\t\t\t<\/div>\n\t\t\t\t<\/div>\n\t\t\t\t<\/div>\n\t\t<div class=\"elementor-element elementor-element-31feaa0a e-flex e-con-boxed e-con e-parent\" data-id=\"31feaa0a\" data-element_type=\"container\">\n\t\t\t\t\t<div class=\"e-con-inner\">\n\t\t<div class=\"elementor-element elementor-element-76b630be e-con-full e-flex e-con e-child\" data-id=\"76b630be\" data-element_type=\"container\">\n\t\t\t\t<div class=\"elementor-element elementor-element-67164b80 elementor-widget elementor-widget-gum_post_image\" data-id=\"67164b80\" data-element_type=\"widget\" data-widget_type=\"gum_post_image.default\">\n\t\t\t\t<div class=\"elementor-widget-container\">\n\t\t\t\t\t<div class=\"blog-featureimage\" style=\"background-image: url(http:\/\/ileokpe.org\/wp-content\/uploads\/2025\/11\/IMG_0244.jpg)\"><img decoding=\"async\" src=\"http:\/\/ileokpe.org\/wp-content\/uploads\/2025\/11\/IMG_0244.jpg\" title=\"\" alt=\"\" \/><\/div>\t\t\t\t<\/div>\n\t\t\t\t<\/div>\n\t\t\t\t<div class=\"elementor-element elementor-element-3aab3f21 elementor-widget elementor-widget-text-editor\" data-id=\"3aab3f21\" data-element_type=\"widget\" data-widget_type=\"text-editor.default\">\n\t\t\t\t<div class=\"elementor-widget-container\">\n\t\t\t\t\t\t\t\t\t<p>Atelier Paint &amp; Snack au Centre Il\u00e9 Okp\u00ea : cr\u00e9ativit\u00e9, bien-\u00eatre et d\u00e9tente pour enfants, entre art, culture et moments de bonheur partag\u00e9.<\/p><p>Le dimanche <strong>07 septembre 2025<\/strong>, nos mini-artistes ont v\u00e9cu un moment unique de <strong>cr\u00e9ativit\u00e9 et\u00a0\u00a0\u00a0\u00a0\u00a0\u00a0\u00a0\u00a0\u00a0 de\u00a0\u00a0\u00a0\u00a0\u00a0\u00a0\u00a0 d\u00e9tente\u00a0\u00a0\u00a0\u00a0\u00a0\u00a0\u00a0\u00a0\u00a0\u00a0 <\/strong>lors\u00a0\u00a0\u00a0\u00a0\u00a0 de\u00a0\u00a0\u00a0\u00a0\u00a0\u00a0\u00a0\u00a0\u00a0\u00a0\u00a0\u00a0\u00a0 l\u2019atelier\u00a0\u00a0 <strong>Paint\u00a0\u00a0\u00a0\u00a0\u00a0\u00a0\u00a0\u00a0\u00a0\u00a0\u00a0\u00a0\u00a0\u00a0 &amp;\u00a0\u00a0\u00a0\u00a0\u00a0\u00a0\u00a0\u00a0\u00a0\u00a0\u00a0\u00a0 Snack<\/strong>. Entre pinceaux color\u00e9s et petites douceurs, l\u2019art et la convivialit\u00e9 se sont rencontr\u00e9s pour offrir une exp\u00e9rience de <strong>bonheur et de bien-\u00eatre <\/strong>au Centre Il\u00e9 Okp\u00ea.<\/p><p>Pour\u00a0\u00a0\u00a0\u00a0\u00a0\u00a0\u00a0\u00a0\u00a0\u00a0 ne\u00a0\u00a0\u00a0\u00a0\u00a0\u00a0\u00a0\u00a0\u00a0\u00a0 pas\u00a0\u00a0\u00a0\u00a0\u00a0\u00a0\u00a0\u00a0\u00a0\u00a0 rater\u00a0\u00a0\u00a0\u00a0\u00a0\u00a0\u00a0\u00a0\u00a0\u00a0 la\u00a0\u00a0\u00a0\u00a0\u00a0\u00a0\u00a0\u00a0\u00a0 prochaine\u00a0\u00a0\u00a0\u00a0\u00a0\u00a0\u00a0\u00a0\u00a0 aventure,\u00a0\u00a0\u00a0\u00a0\u00a0\u00a0\u00a0\u00a0\u00a0 <a href=\"https:\/\/wa.me\/message\/25KOWAL4LFGSP1\">rejoignez-nous<\/a>.<\/p><p>Abonnez-vous pour recevoir nos prochains \u00e9v\u00e8nements !<\/p>\t\t\t\t\t\t\t\t<\/div>\n\t\t\t\t<\/div>\n\t\t<div class=\"elementor-element elementor-element-537e73df e-con-full e-flex e-con e-child\" data-id=\"537e73df\" data-element_type=\"container\">\n\t\t\t\t<\/div>\n\t\t\t\t<\/div>\n\t\t\t\t\t<\/div>\n\t\t\t\t<\/div>\n\t\t\t\t<\/div>\n\t\t","protected":false},"excerpt":{"rendered":"<p>Atelier Paint &#038; Snack Atelier Paint &amp; Snack au Centre Il\u00e9 Okp\u00ea : cr\u00e9ativit\u00e9, bien-\u00eatre et d\u00e9tente pour enfants, entre art, culture et moments de bonheur partag\u00e9. Le dimanche 07 septembre 2025, nos mini-artistes ont v\u00e9cu un moment unique de cr\u00e9ativit\u00e9 et\u00a0\u00a0\u00a0\u00a0\u00a0\u00a0\u00a0\u00a0\u00a0 de\u00a0\u00a0\u00a0\u00a0\u00a0\u00a0\u00a0 d\u00e9tente\u00a0\u00a0\u00a0\u00a0\u00a0\u00a0\u00a0\u00a0\u00a0\u00a0 lors\u00a0\u00a0\u00a0\u00a0\u00a0 de\u00a0\u00a0\u00a0\u00a0\u00a0\u00a0\u00a0\u00a0\u00a0\u00a0\u00a0\u00a0\u00a0 l\u2019atelier\u00a0\u00a0 Paint\u00a0\u00a0\u00a0\u00a0\u00a0\u00a0\u00a0\u00a0\u00a0\u00a0\u00a0\u00a0\u00a0\u00a0 &amp;\u00a0\u00a0\u00a0\u00a0\u00a0\u00a0\u00a0\u00a0\u00a0\u00a0\u00a0\u00a0 Snack. Entre pinceaux color\u00e9s et petites [&hellip;]<\/p>\n","protected":false},"author":1,"featured_media":723,"parent":0,"menu_order":0,"comment_status":"closed","ping_status":"closed","template":"","meta":{"footnotes":""},"class_list":["post-717","page","type-page","status-publish","has-post-thumbnail","hentry"],"_links":{"self":[{"href":"http:\/\/ileokpe.org\/index.php\/wp-json\/wp\/v2\/pages\/717","targetHints":{"allow":["GET"]}}],"collection":[{"href":"http:\/\/ileokpe.org\/index.php\/wp-json\/wp\/v2\/pages"}],"about":[{"href":"http:\/\/ileokpe.org\/index.php\/wp-json\/wp\/v2\/types\/page"}],"author":[{"embeddable":true,"href":"http:\/\/ileokpe.org\/index.php\/wp-json\/wp\/v2\/users\/1"}],"replies":[{"embeddable":true,"href":"http:\/\/ileokpe.org\/index.php\/wp-json\/wp\/v2\/comments?post=717"}],"version-history":[{"count":12,"href":"http:\/\/ileokpe.org\/index.php\/wp-json\/wp\/v2\/pages\/717\/revisions"}],"predecessor-version":[{"id":795,"href":"http:\/\/ileokpe.org\/index.php\/wp-json\/wp\/v2\/pages\/717\/revisions\/795"}],"wp:featuredmedia":[{"embeddable":true,"href":"http:\/\/ileokpe.org\/index.php\/wp-json\/wp\/v2\/media\/723"}],"wp:attachment":[{"href":"http:\/\/ileokpe.org\/index.php\/wp-json\/wp\/v2\/media?parent=717"}],"curies":[{"name":"wp","href":"https:\/\/api.w.org\/{rel}","templated":true}]}}