{"id":130,"date":"2025-07-28T16:45:57","date_gmt":"2025-07-28T14:45:57","guid":{"rendered":"https:\/\/ileokpe.org\/?page_id=130"},"modified":"2026-01-19T12:31:07","modified_gmt":"2026-01-19T11:31:07","slug":"actualites","status":"publish","type":"page","link":"https:\/\/ileokpe.org\/index.php\/actualites\/","title":{"rendered":"Actualit\u00e9s"},"content":{"rendered":"\t\t<div data-elementor-type=\"wp-page\" data-elementor-id=\"130\" class=\"elementor elementor-130\" data-elementor-post-type=\"page\">\n\t\t\t\t<div class=\"elementor-element elementor-element-2d13238f e-con-full e-flex e-con e-parent\" data-id=\"2d13238f\" data-element_type=\"container\">\n\t\t\t\t<\/div>\n\t\t<div class=\"elementor-element elementor-element-39829144 e-flex e-con-boxed e-con e-parent\" data-id=\"39829144\" data-element_type=\"container\" data-settings=\"{&quot;background_background&quot;:&quot;classic&quot;}\">\n\t\t\t\t\t<div class=\"e-con-inner\">\n\t\t<div class=\"elementor-element elementor-element-5adbc4f0 e-con-full e-flex e-con e-child\" data-id=\"5adbc4f0\" data-element_type=\"container\">\n\t\t\t\t<div class=\"elementor-element elementor-element-b0f724c elementor-widget elementor-widget-heading\" data-id=\"b0f724c\" data-element_type=\"widget\" data-widget_type=\"heading.default\">\n\t\t\t\t<div class=\"elementor-widget-container\">\n\t\t\t\t\t<h1 class=\"elementor-heading-title elementor-size-default\">Actualit\u00e9s<\/h1>\t\t\t\t<\/div>\n\t\t\t\t<\/div>\n\t\t\t\t<div class=\"elementor-element elementor-element-5e1499fd elementor-icon-list--layout-inline elementor-align-center elementor-list-item-link-full_width elementor-widget elementor-widget-icon-list\" data-id=\"5e1499fd\" data-element_type=\"widget\" data-widget_type=\"icon-list.default\">\n\t\t\t\t<div class=\"elementor-widget-container\">\n\t\t\t\t\t\t\t<ul class=\"elementor-icon-list-items elementor-inline-items\">\n\t\t\t\t\t\t\t<li class=\"elementor-icon-list-item elementor-inline-item\">\n\t\t\t\t\t\t\t\t\t\t\t<a href=\"https:\/\/ileokpe.org\">\n\n\t\t\t\t\t\t\t\t\t\t\t<span class=\"elementor-icon-list-text\">Accueil<\/span>\n\t\t\t\t\t\t\t\t\t\t\t<\/a>\n\t\t\t\t\t\t\t\t\t<\/li>\n\t\t\t\t\t\t\t\t<li class=\"elementor-icon-list-item elementor-inline-item\">\n\t\t\t\t\t\t\t\t\t\t\t<span class=\"elementor-icon-list-icon\">\n\t\t\t\t\t\t\t<svg aria-hidden=\"true\" class=\"e-font-icon-svg e-fas-chevron-right\" viewBox=\"0 0 320 512\" xmlns=\"http:\/\/www.w3.org\/2000\/svg\"><path d=\"M285.476 272.971L91.132 467.314c-9.373 9.373-24.569 9.373-33.941 0l-22.667-22.667c-9.357-9.357-9.375-24.522-.04-33.901L188.505 256 34.484 101.255c-9.335-9.379-9.317-24.544.04-33.901l22.667-22.667c9.373-9.373 24.569-9.373 33.941 0L285.475 239.03c9.373 9.372 9.373 24.568.001 33.941z\"><\/path><\/svg>\t\t\t\t\t\t<\/span>\n\t\t\t\t\t\t\t\t\t\t<span class=\"elementor-icon-list-text\"><\/span>\n\t\t\t\t\t\t\t\t\t<\/li>\n\t\t\t\t\t\t<\/ul>\n\t\t\t\t\t\t<\/div>\n\t\t\t\t<\/div>\n\t\t\t\t<\/div>\n\t\t\t\t\t<\/div>\n\t\t\t\t<\/div>\n\t\t<div class=\"elementor-element elementor-element-31b92007 e-flex e-con-boxed e-con e-parent\" data-id=\"31b92007\" data-element_type=\"container\">\n\t\t\t\t\t<div class=\"e-con-inner\">\n\t\t<div class=\"elementor-element elementor-element-30cacf4 e-con-full e-flex e-con e-child\" data-id=\"30cacf4\" data-element_type=\"container\">\n\t\t\t\t<div class=\"elementor-element elementor-element-4cae5f1a elementor-widget__width-initial elementor-widget-tablet__width-initial elementor-widget-mobile__width-inherit elementor-widget elementor-widget-heading\" data-id=\"4cae5f1a\" data-element_type=\"widget\" data-widget_type=\"heading.default\">\n\t\t\t\t<div class=\"elementor-widget-container\">\n\t\t\t\t\t<h1 class=\"elementor-heading-title elementor-size-default\">\u00c9v\u00e9nements<\/h1>\t\t\t\t<\/div>\n\t\t\t\t<\/div>\n\t\t\t\t<div class=\"elementor-element elementor-element-78218fab elementor-widget elementor-widget-text-editor\" data-id=\"78218fab\" data-element_type=\"widget\" data-widget_type=\"text-editor.default\">\n\t\t\t\t<div class=\"elementor-widget-container\">\n\t\t\t\t\t\t\t\t\t<p data-start=\"156\" data-end=\"427\">Au Centre ILE OKPE, chaque \u00e9v\u00e9nement est une <strong data-start=\"201\" data-end=\"258\">c\u00e9l\u00e9bration de la vie, de la cr\u00e9ativit\u00e9 et du partage<\/strong>. Nous croyons que l\u2019art, le loisir et le sport sont des leviers puissants pour rassembler les communaut\u00e9s, transmettre des valeurs et offrir des moments inoubliables.<\/p><p data-start=\"429\" data-end=\"733\">Nos activit\u00e9s sont pens\u00e9es pour <strong data-start=\"461\" data-end=\"505\">tous les \u00e2ges et toutes les sensibilit\u00e9s<\/strong> : spectacles vivants, expositions d\u2019art, ateliers cr\u00e9atifs, tournois sportifs, projections, concerts, festivals\u2026 Autant d\u2019occasions pour d\u00e9couvrir, apprendre, s\u2019exprimer et se retrouver dans un cadre inspirant et accueillant.<\/p><p data-start=\"735\" data-end=\"983\">\u00c0 travers ces \u00e9v\u00e9nements, nous affirmons notre mission : <strong data-start=\"792\" data-end=\"861\">faire du Centre ILE OKPE un lieu de vie, un refuge et un tremplin<\/strong>, o\u00f9 chacun peut se reconnecter \u00e0 son identit\u00e9, partager ses talents et contribuer \u00e0 b\u00e2tir une communaut\u00e9 plus \u00e9panouie.<\/p>\t\t\t\t\t\t\t\t<\/div>\n\t\t\t\t<\/div>\n\t\t\t\t<\/div>\n\t\t<div class=\"elementor-element elementor-element-73d742d0 e-con-full animated-slow e-flex elementor-invisible e-con e-child\" data-id=\"73d742d0\" data-element_type=\"container\" data-settings=\"{&quot;animation&quot;:&quot;fadeInUp&quot;}\">\n\t\t<div class=\"elementor-element elementor-element-7edcbca0 e-con-full e-flex e-con e-child\" data-id=\"7edcbca0\" data-element_type=\"container\">\n\t\t<div class=\"elementor-element elementor-element-284d78db e-con-full e-flex e-con e-child\" data-id=\"284d78db\" data-element_type=\"container\" data-settings=\"{&quot;background_background&quot;:&quot;classic&quot;}\">\n\t\t<div class=\"elementor-element elementor-element-90b5e56 e-con-full e-flex e-con e-child\" data-id=\"90b5e56\" data-element_type=\"container\" data-settings=\"{&quot;background_background&quot;:&quot;classic&quot;}\">\n\t\t\t\t<\/div>\n\t\t<div class=\"elementor-element elementor-element-162a393f e-con-full e-flex e-con e-child\" data-id=\"162a393f\" data-element_type=\"container\">\n\t\t\t\t<div class=\"elementor-element elementor-element-26ceb9ab elementor-widget elementor-widget-heading\" data-id=\"26ceb9ab\" data-element_type=\"widget\" data-widget_type=\"heading.default\">\n\t\t\t\t<div class=\"elementor-widget-container\">\n\t\t\t\t\t<h2 class=\"elementor-heading-title elementor-size-default\">Challenge de Basket <\/h2>\t\t\t\t<\/div>\n\t\t\t\t<\/div>\n\t\t\t\t<div class=\"elementor-element elementor-element-28342df4 elementor-align-left elementor-tablet-align-justify elementor-widget elementor-widget-button\" data-id=\"28342df4\" data-element_type=\"widget\" data-widget_type=\"button.default\">\n\t\t\t\t<div class=\"elementor-widget-container\">\n\t\t\t\t\t\t\t\t\t<div class=\"elementor-button-wrapper\">\n\t\t\t\t\t<a class=\"elementor-button elementor-button-link elementor-size-sm\" href=\"http:\/\/ileokpe.org\/index.php\/challenge-de-basket-au-centre-ile-okpe\/\">\n\t\t\t\t\t\t<span class=\"elementor-button-content-wrapper\">\n\t\t\t\t\t\t<span class=\"elementor-button-icon\">\n\t\t\t\t<i aria-hidden=\"true\" class=\"icon icon-right-arrow\"><\/i>\t\t\t<\/span>\n\t\t\t\t\t\t\t\t\t<span class=\"elementor-button-text\">En Savoir Plus<\/span>\n\t\t\t\t\t<\/span>\n\t\t\t\t\t<\/a>\n\t\t\t\t<\/div>\n\t\t\t\t\t\t\t\t<\/div>\n\t\t\t\t<\/div>\n\t\t\t\t<\/div>\n\t\t\t\t<\/div>\n\t\t\t\t<\/div>\n\t\t<div class=\"elementor-element elementor-element-71c2cdf6 e-con-full e-flex e-con e-child\" data-id=\"71c2cdf6\" data-element_type=\"container\">\n\t\t<div class=\"elementor-element elementor-element-64d69bee e-con-full e-flex e-con e-child\" data-id=\"64d69bee\" data-element_type=\"container\" data-settings=\"{&quot;background_background&quot;:&quot;classic&quot;}\">\n\t\t<div class=\"elementor-element elementor-element-3ed41d93 e-con-full e-flex e-con e-child\" data-id=\"3ed41d93\" data-element_type=\"container\" data-settings=\"{&quot;background_background&quot;:&quot;classic&quot;}\">\n\t\t\t\t<\/div>\n\t\t<div class=\"elementor-element elementor-element-d88a84d e-con-full e-flex e-con e-child\" data-id=\"d88a84d\" data-element_type=\"container\">\n\t\t\t\t<div class=\"elementor-element elementor-element-277f457e elementor-widget elementor-widget-heading\" data-id=\"277f457e\" data-element_type=\"widget\" data-widget_type=\"heading.default\">\n\t\t\t\t<div class=\"elementor-widget-container\">\n\t\t\t\t\t<h2 class=\"elementor-heading-title elementor-size-default\">Atelier Paint &amp; Snack<\/h2>\t\t\t\t<\/div>\n\t\t\t\t<\/div>\n\t\t\t\t<div class=\"elementor-element elementor-element-784fa4c9 elementor-align-left elementor-tablet-align-justify elementor-widget elementor-widget-button\" data-id=\"784fa4c9\" data-element_type=\"widget\" data-widget_type=\"button.default\">\n\t\t\t\t<div class=\"elementor-widget-container\">\n\t\t\t\t\t\t\t\t\t<div class=\"elementor-button-wrapper\">\n\t\t\t\t\t<a class=\"elementor-button elementor-button-link elementor-size-sm\" href=\"http:\/\/ileokpe.org\/index.php\/atelier-paint-snack\/\">\n\t\t\t\t\t\t<span class=\"elementor-button-content-wrapper\">\n\t\t\t\t\t\t<span class=\"elementor-button-icon\">\n\t\t\t\t<i aria-hidden=\"true\" class=\"icon icon-right-arrow\"><\/i>\t\t\t<\/span>\n\t\t\t\t\t\t\t\t\t<span class=\"elementor-button-text\">En Savoir Plus<\/span>\n\t\t\t\t\t<\/span>\n\t\t\t\t\t<\/a>\n\t\t\t\t<\/div>\n\t\t\t\t\t\t\t\t<\/div>\n\t\t\t\t<\/div>\n\t\t\t\t<\/div>\n\t\t\t\t<\/div>\n\t\t\t\t<\/div>\n\t\t<div class=\"elementor-element elementor-element-796c174 e-con-full e-flex e-con e-child\" data-id=\"796c174\" data-element_type=\"container\">\n\t\t<div class=\"elementor-element elementor-element-8dff356 e-con-full e-flex e-con e-child\" data-id=\"8dff356\" data-element_type=\"container\" data-settings=\"{&quot;background_background&quot;:&quot;classic&quot;}\">\n\t\t<div class=\"elementor-element elementor-element-9de270b e-con-full e-flex e-con e-child\" data-id=\"9de270b\" data-element_type=\"container\" data-settings=\"{&quot;background_background&quot;:&quot;classic&quot;}\">\n\t\t\t\t<\/div>\n\t\t<div class=\"elementor-element elementor-element-ebefbb2 e-con-full e-flex e-con e-child\" data-id=\"ebefbb2\" data-element_type=\"container\">\n\t\t\t\t<div class=\"elementor-element elementor-element-8a3bae1 elementor-widget elementor-widget-heading\" data-id=\"8a3bae1\" data-element_type=\"widget\" data-widget_type=\"heading.default\">\n\t\t\t\t<div class=\"elementor-widget-container\">\n\t\t\t\t\t<h2 class=\"elementor-heading-title elementor-size-default\"><a href=\"http:\/\/ileokpe.org\/index.php\/connexions-culturelles\/\">Connexions Culturelles<\/a><\/h2>\t\t\t\t<\/div>\n\t\t\t\t<\/div>\n\t\t\t\t<div class=\"elementor-element elementor-element-0a2a444 elementor-align-left elementor-tablet-align-justify elementor-widget elementor-widget-button\" data-id=\"0a2a444\" data-element_type=\"widget\" data-widget_type=\"button.default\">\n\t\t\t\t<div class=\"elementor-widget-container\">\n\t\t\t\t\t\t\t\t\t<div class=\"elementor-button-wrapper\">\n\t\t\t\t\t<a class=\"elementor-button elementor-button-link elementor-size-sm\" href=\"http:\/\/ileokpe.org\/index.php\/connexions-culturelles\/\">\n\t\t\t\t\t\t<span class=\"elementor-button-content-wrapper\">\n\t\t\t\t\t\t<span class=\"elementor-button-icon\">\n\t\t\t\t<i aria-hidden=\"true\" class=\"icon icon-right-arrow\"><\/i>\t\t\t<\/span>\n\t\t\t\t\t\t\t\t\t<span class=\"elementor-button-text\">En Savoir Plus<\/span>\n\t\t\t\t\t<\/span>\n\t\t\t\t\t<\/a>\n\t\t\t\t<\/div>\n\t\t\t\t\t\t\t\t<\/div>\n\t\t\t\t<\/div>\n\t\t\t\t<\/div>\n\t\t\t\t<\/div>\n\t\t\t\t<\/div>\n\t\t\t\t<\/div>\n\t\t\t\t\t<\/div>\n\t\t\t\t<\/div>\n\t\t<div class=\"elementor-element elementor-element-6a83ffc5 e-flex e-con-boxed e-con e-parent\" data-id=\"6a83ffc5\" data-element_type=\"container\">\n\t\t\t\t\t<div class=\"e-con-inner\">\n\t\t<div class=\"elementor-element elementor-element-4dacb08 e-con-full e-flex e-con e-child\" data-id=\"4dacb08\" data-element_type=\"container\">\n\t\t<div class=\"elementor-element elementor-element-133b691 e-con-full e-flex e-con e-child\" data-id=\"133b691\" data-element_type=\"container\" data-settings=\"{&quot;background_background&quot;:&quot;classic&quot;}\">\n\t\t\t\t<div class=\"elementor-element elementor-element-eb3d6f6 elementor-widget elementor-widget-elementskit-video\" data-id=\"eb3d6f6\" data-element_type=\"widget\" data-widget_type=\"elementskit-video.default\">\n\t\t\t\t<div class=\"elementor-widget-container\">\n\t\t\t\t\t<div class=\"ekit-wid-con\" >\t\t<div class=\"video-content\" data-video-player=\"[]\" data-video-setting=\"{&quot;videoVolume&quot;:&quot;horizontal&quot;,&quot;startVolume&quot;:0.8,&quot;videoType&quot;:&quot;iframe&quot;,&quot;videoClass&quot;:&quot;mfp-fade&quot;,&quot;popupIcon&quot;:{&quot;value&quot;:&quot;icon icon-cancel&quot;,&quot;library&quot;:&quot;ekiticons&quot;},&quot;videoStyle&quot;:&quot;popup&quot;,&quot;videoTypeName&quot;:&quot;youtube&quot;,&quot;autoplay&quot;:false,&quot;muted&quot;:false,&quot;loop&quot;:false}\">\n\t\t\t\n<a class=\"ekit_icon_button glow-ripple ekit-video-popup ekit-video-popup-btn\" href=\"https:\/\/www.youtube.com\/embed\/VhBl3dHT5SY?feature=oembed?playlist=VhBl3dHT5SY&amp;mute=0&amp;autoplay=0&amp;loop=no&amp;controls=0&amp;start=0&amp;end=\" aria-label=\"video-popup\">\n\t\t\t\t<i aria-hidden=\"true\" class=\"icon icon-play\"><\/i>\t\t\n\t\t\t<\/a>\n\t\t\t\t\t<\/div>\n\t\t<\/div>\t\t\t\t<\/div>\n\t\t\t\t<\/div>\n\t\t\t\t<div class=\"elementor-element elementor-element-744edb1 elementor-widget elementor-widget-heading\" data-id=\"744edb1\" data-element_type=\"widget\" data-widget_type=\"heading.default\">\n\t\t\t\t<div class=\"elementor-widget-container\">\n\t\t\t\t\t<h2 class=\"elementor-heading-title elementor-size-default\">Pr\u00eat\u00b7e \u00e0 vivre l\u2019exp\u00e9rience Il\u00e9 Okp\u00e8 ?<\/h2>\t\t\t\t<\/div>\n\t\t\t\t<\/div>\n\t\t\t\t<div class=\"elementor-element elementor-element-57776d9 elementor-widget elementor-widget-heading\" data-id=\"57776d9\" data-element_type=\"widget\" data-widget_type=\"heading.default\">\n\t\t\t\t<div class=\"elementor-widget-container\">\n\t\t\t\t\t<p class=\"elementor-heading-title elementor-size-default\">Explorez nos activit\u00e9s, r\u00e9servez en ligne et rejoignez notre communaut\u00e9 d\u00e8s aujourd\u2019hui !<\/p>\t\t\t\t<\/div>\n\t\t\t\t<\/div>\n\t\t<div class=\"elementor-element elementor-element-c18a3dc e-con-full e-flex e-con e-child\" data-id=\"c18a3dc\" data-element_type=\"container\">\n\t\t\t\t<div class=\"elementor-element elementor-element-f6a196c elementor-widget elementor-widget-button\" data-id=\"f6a196c\" data-element_type=\"widget\" data-widget_type=\"button.default\">\n\t\t\t\t<div class=\"elementor-widget-container\">\n\t\t\t\t\t\t\t\t\t<div class=\"elementor-button-wrapper\">\n\t\t\t\t\t<a class=\"elementor-button elementor-button-link elementor-size-sm\" href=\"#\">\n\t\t\t\t\t\t<span class=\"elementor-button-content-wrapper\">\n\t\t\t\t\t\t<span class=\"elementor-button-icon\">\n\t\t\t\t<i aria-hidden=\"true\" class=\" ti-control-forward\"><\/i>\t\t\t<\/span>\n\t\t\t\t\t\t\t\t\t<span class=\"elementor-button-text\">D\u00e9couvrir le programme<\/span>\n\t\t\t\t\t<\/span>\n\t\t\t\t\t<\/a>\n\t\t\t\t<\/div>\n\t\t\t\t\t\t\t\t<\/div>\n\t\t\t\t<\/div>\n\t\t\t\t<div class=\"elementor-element elementor-element-37d03e0 elementor-widget elementor-widget-button\" data-id=\"37d03e0\" data-element_type=\"widget\" data-widget_type=\"button.default\">\n\t\t\t\t<div class=\"elementor-widget-container\">\n\t\t\t\t\t\t\t\t\t<div class=\"elementor-button-wrapper\">\n\t\t\t\t\t<a class=\"elementor-button elementor-button-link elementor-size-sm\" href=\"#\">\n\t\t\t\t\t\t<span class=\"elementor-button-content-wrapper\">\n\t\t\t\t\t\t<span class=\"elementor-button-icon\">\n\t\t\t\t<i aria-hidden=\"true\" class=\" ti-control-forward\"><\/i>\t\t\t<\/span>\n\t\t\t\t\t\t\t\t\t<span class=\"elementor-button-text\">S\u2019inscrire maintenant<\/span>\n\t\t\t\t\t<\/span>\n\t\t\t\t\t<\/a>\n\t\t\t\t<\/div>\n\t\t\t\t\t\t\t\t<\/div>\n\t\t\t\t<\/div>\n\t\t\t\t<\/div>\n\t\t\t\t<\/div>\n\t\t\t\t<\/div>\n\t\t\t\t\t<\/div>\n\t\t\t\t<\/div>\n\t\t<div class=\"elementor-element elementor-element-2a041d04 e-con-full e-flex e-con e-parent\" data-id=\"2a041d04\" data-element_type=\"container\">\n\t\t\t\t<\/div>\n\t\t\t\t<\/div>\n\t\t","protected":false},"excerpt":{"rendered":"<p>Actualit\u00e9s Accueil \u00c9v\u00e9nements Au Centre ILE OKPE, chaque \u00e9v\u00e9nement est une c\u00e9l\u00e9bration de la vie, de la cr\u00e9ativit\u00e9 et du partage. Nous croyons que l\u2019art, le loisir et le sport sont des leviers puissants pour rassembler les communaut\u00e9s, transmettre des valeurs et offrir des moments inoubliables. Nos activit\u00e9s sont pens\u00e9es pour tous les \u00e2ges et [&hellip;]<\/p>\n","protected":false},"author":1,"featured_media":0,"parent":0,"menu_order":0,"comment_status":"closed","ping_status":"closed","template":"elementor_header_footer","meta":{"footnotes":""},"class_list":["post-130","page","type-page","status-publish","hentry"],"_links":{"self":[{"href":"https:\/\/ileokpe.org\/index.php\/wp-json\/wp\/v2\/pages\/130","targetHints":{"allow":["GET"]}}],"collection":[{"href":"https:\/\/ileokpe.org\/index.php\/wp-json\/wp\/v2\/pages"}],"about":[{"href":"https:\/\/ileokpe.org\/index.php\/wp-json\/wp\/v2\/types\/page"}],"author":[{"embeddable":true,"href":"https:\/\/ileokpe.org\/index.php\/wp-json\/wp\/v2\/users\/1"}],"replies":[{"embeddable":true,"href":"https:\/\/ileokpe.org\/index.php\/wp-json\/wp\/v2\/comments?post=130"}],"version-history":[{"count":82,"href":"https:\/\/ileokpe.org\/index.php\/wp-json\/wp\/v2\/pages\/130\/revisions"}],"predecessor-version":[{"id":922,"href":"https:\/\/ileokpe.org\/index.php\/wp-json\/wp\/v2\/pages\/130\/revisions\/922"}],"wp:attachment":[{"href":"https:\/\/ileokpe.org\/index.php\/wp-json\/wp\/v2\/media?parent=130"}],"curies":[{"name":"wp","href":"https:\/\/api.w.org\/{rel}","templated":true}]}}